{"id":450,"date":"2024-06-04T10:48:32","date_gmt":"2024-06-04T14:48:32","guid":{"rendered":"https:\/\/www.rlbsexologue.com\/?page_id=450"},"modified":"2024-06-27T14:48:18","modified_gmt":"2024-06-27T18:48:18","slug":"blogue","status":"publish","type":"page","link":"https:\/\/www.rlbsexologue.com\/index.php\/blogue\/","title":{"rendered":"Blogue"},"content":{"rendered":"\t\t<div data-elementor-type=\"wp-page\" data-elementor-id=\"450\" class=\"elementor elementor-450\" data-elementor-post-type=\"page\">\n\t\t\t\t\t\t<section class=\"elementor-section elementor-top-section elementor-element elementor-element-3d70c3a elementor-section-boxed elementor-section-height-default elementor-section-height-default\" data-id=\"3d70c3a\" data-element_type=\"section\" data-e-type=\"section\">\n\t\t\t\t\t\t<div class=\"elementor-container elementor-column-gap-default\">\n\t\t\t\t\t<div class=\"elementor-column elementor-col-100 elementor-top-column elementor-element elementor-element-ef2b94b\" data-id=\"ef2b94b\" data-element_type=\"column\" data-e-type=\"column\">\n\t\t\t<div class=\"elementor-widget-wrap elementor-element-populated\">\n\t\t\t\t\t\t<div class=\"elementor-element elementor-element-aac93ba elementor-widget elementor-widget-heading\" data-id=\"aac93ba\" data-element_type=\"widget\" data-e-type=\"widget\" data-widget_type=\"heading.default\">\n\t\t\t\t<div class=\"elementor-widget-container\">\n\t\t\t\t\t<h2 class=\"elementor-heading-title elementor-size-default\">DES INFOS SEXO JUSTE POUR TOI!<\/h2>\t\t\t\t<\/div>\n\t\t\t\t<\/div>\n\t\t\t\t<div class=\"elementor-element elementor-element-1f355c0 elementor-widget elementor-widget-text-editor\" data-id=\"1f355c0\" data-element_type=\"widget\" data-e-type=\"widget\" data-widget_type=\"text-editor.default\">\n\t\t\t\t<div class=\"elementor-widget-container\">\n\t\t\t\t\t\t\t\t\t<p>Consulter les articles suivants concernant les diff\u00e9rents sujets.<\/p>\t\t\t\t\t\t\t\t<\/div>\n\t\t\t\t<\/div>\n\t\t\t\t<div class=\"elementor-element elementor-element-38aa490 elementor-grid-3 elementor-grid-tablet-2 elementor-grid-mobile-1 elementor-posts--thumbnail-top elementor-card-shadow-yes elementor-posts__hover-gradient elementor-invisible elementor-widget elementor-widget-posts\" data-id=\"38aa490\" data-element_type=\"widget\" data-e-type=\"widget\" data-settings=\"{&quot;_animation&quot;:&quot;zoomIn&quot;,&quot;cards_columns&quot;:&quot;3&quot;,&quot;cards_columns_tablet&quot;:&quot;2&quot;,&quot;cards_columns_mobile&quot;:&quot;1&quot;,&quot;cards_row_gap&quot;:{&quot;unit&quot;:&quot;px&quot;,&quot;size&quot;:35,&quot;sizes&quot;:[]},&quot;cards_row_gap_tablet&quot;:{&quot;unit&quot;:&quot;px&quot;,&quot;size&quot;:&quot;&quot;,&quot;sizes&quot;:[]},&quot;cards_row_gap_mobile&quot;:{&quot;unit&quot;:&quot;px&quot;,&quot;size&quot;:&quot;&quot;,&quot;sizes&quot;:[]}}\" data-widget_type=\"posts.cards\">\n\t\t\t\t<div class=\"elementor-widget-container\">\n\t\t\t\t\t\t\t<div class=\"elementor-posts-container elementor-posts elementor-posts--skin-cards elementor-grid\" role=\"list\">\n\t\t\t\t<article class=\"elementor-post elementor-grid-item post-594 post type-post status-publish format-standard has-post-thumbnail hentry category-non-classe\" role=\"listitem\">\n\t\t\t<div class=\"elementor-post__card\">\n\t\t\t\t<a class=\"elementor-post__thumbnail__link\" href=\"https:\/\/www.rlbsexologue.com\/index.php\/2026\/03\/23\/desir_sexuel_et_relation\/\" tabindex=\"-1\" ><div class=\"elementor-post__thumbnail\"><img fetchpriority=\"high\" decoding=\"async\" width=\"300\" height=\"200\" src=\"https:\/\/www.rlbsexologue.com\/wp-content\/uploads\/2026\/02\/couple-en-connexion-emotionnelle-300x200.png\" class=\"attachment-medium size-medium wp-image-548\" alt=\"\" srcset=\"https:\/\/www.rlbsexologue.com\/wp-content\/uploads\/2026\/02\/couple-en-connexion-emotionnelle-300x200.png 300w, https:\/\/www.rlbsexologue.com\/wp-content\/uploads\/2026\/02\/couple-en-connexion-emotionnelle-1024x683.png 1024w, https:\/\/www.rlbsexologue.com\/wp-content\/uploads\/2026\/02\/couple-en-connexion-emotionnelle-768x512.png 768w, https:\/\/www.rlbsexologue.com\/wp-content\/uploads\/2026\/02\/couple-en-connexion-emotionnelle.png 1536w\" sizes=\"(max-width: 300px) 100vw, 300px\" \/><\/div><\/a>\n\t\t\t\t<div class=\"elementor-post__text\">\n\t\t\t\t<h3 class=\"elementor-post__title\">\n\t\t\t<a href=\"https:\/\/www.rlbsexologue.com\/index.php\/2026\/03\/23\/desir_sexuel_et_relation\/\" >\n\t\t\t\tD\u00e9sir sexuel et relation : mieux se comprendre pour mieux s&rsquo;\u00e9panouir\t\t\t<\/a>\n\t\t<\/h3>\n\t\t\t\t<div class=\"elementor-post__excerpt\">\n\t\t\t<p>\u00c9coute aussi mon intervention sur le sujet \u00e0 Radio-Canada ! Le d\u00e9sir sexuel au sein du couple Des d\u00e9finitions pour<\/p>\n\t\t<\/div>\n\t\t\n\t\t<a class=\"elementor-post__read-more\" href=\"https:\/\/www.rlbsexologue.com\/index.php\/2026\/03\/23\/desir_sexuel_et_relation\/\" aria-label=\"Read more about D\u00e9sir sexuel et relation : mieux se comprendre pour mieux s&rsquo;\u00e9panouir\" tabindex=\"-1\" >\n\t\t\tLire la suite \u00bb\t\t<\/a>\n\n\t\t\t\t<\/div>\n\t\t\t\t<div class=\"elementor-post__meta-data\">\n\t\t\t\t\t<span class=\"elementor-post-date\">\n\t\t\t23 mars 2026\t\t<\/span>\n\t\t\t\t<\/div>\n\t\t\t\t\t<\/div>\n\t\t<\/article>\n\t\t\t\t<article class=\"elementor-post elementor-grid-item post-568 post type-post status-publish format-standard has-post-thumbnail hentry category-non-classe\" role=\"listitem\">\n\t\t\t<div class=\"elementor-post__card\">\n\t\t\t\t<a class=\"elementor-post__thumbnail__link\" href=\"https:\/\/www.rlbsexologue.com\/index.php\/2026\/02\/18\/profession-sexologue\/\" tabindex=\"-1\" ><div class=\"elementor-post__thumbnail\"><img decoding=\"async\" width=\"300\" height=\"200\" src=\"https:\/\/www.rlbsexologue.com\/wp-content\/uploads\/2026\/02\/Diversite_inclusive_epanouie-300x200.png\" class=\"attachment-medium size-medium wp-image-546\" alt=\"\" srcset=\"https:\/\/www.rlbsexologue.com\/wp-content\/uploads\/2026\/02\/Diversite_inclusive_epanouie-300x200.png 300w, https:\/\/www.rlbsexologue.com\/wp-content\/uploads\/2026\/02\/Diversite_inclusive_epanouie-1024x683.png 1024w, https:\/\/www.rlbsexologue.com\/wp-content\/uploads\/2026\/02\/Diversite_inclusive_epanouie-768x512.png 768w, https:\/\/www.rlbsexologue.com\/wp-content\/uploads\/2026\/02\/Diversite_inclusive_epanouie.png 1536w\" sizes=\"(max-width: 300px) 100vw, 300px\" \/><\/div><\/a>\n\t\t\t\t<div class=\"elementor-post__text\">\n\t\t\t\t<h3 class=\"elementor-post__title\">\n\t\t\t<a href=\"https:\/\/www.rlbsexologue.com\/index.php\/2026\/02\/18\/profession-sexologue\/\" >\n\t\t\t\tSexologue : Une Profession au Service de l&rsquo;\u00c9panouissement\u00a0!\t\t\t<\/a>\n\t\t<\/h3>\n\t\t\t\t<div class=\"elementor-post__excerpt\">\n\t\t\t<p>\u00c9coute aussi mon intervention sur le sujet \u00e0 Radio-Canada ! Comment une sexologue peut-elle vous aider ?\u00a0Le m\u00e9tier de sexologue<\/p>\n\t\t<\/div>\n\t\t\n\t\t<a class=\"elementor-post__read-more\" href=\"https:\/\/www.rlbsexologue.com\/index.php\/2026\/02\/18\/profession-sexologue\/\" aria-label=\"Read more about Sexologue : Une Profession au Service de l&rsquo;\u00c9panouissement\u00a0!\" tabindex=\"-1\" >\n\t\t\tLire la suite \u00bb\t\t<\/a>\n\n\t\t\t\t<\/div>\n\t\t\t\t<div class=\"elementor-post__meta-data\">\n\t\t\t\t\t<span class=\"elementor-post-date\">\n\t\t\t18 f\u00e9vrier 2026\t\t<\/span>\n\t\t\t\t<\/div>\n\t\t\t\t\t<\/div>\n\t\t<\/article>\n\t\t\t\t<\/div>\n\t\t\n\t\t\t\t\t\t<\/div>\n\t\t\t\t<\/div>\n\t\t\t\t\t<\/div>\n\t\t<\/div>\n\t\t\t\t\t<\/div>\n\t\t<\/section>\n\t\t\t\t<\/div>\n\t\t","protected":false},"excerpt":{"rendered":"<p>DES INFOS SEXO JUSTE POUR TOI! Consulter les articles suivants concernant les diff\u00e9rents sujets.<\/p>\n","protected":false},"author":1,"featured_media":0,"parent":0,"menu_order":0,"comment_status":"closed","ping_status":"closed","template":"elementor_header_footer","meta":{"_acf_changed":false,"footnotes":""},"class_list":["post-450","page","type-page","status-publish","hentry"],"acf":[],"yoast_head":"<!-- This site is optimized with the Yoast SEO plugin v27.2 - https:\/\/yoast.com\/product\/yoast-seo-wordpress\/ -->\n<title>Blogue - RLB sexologue<\/title>\n<meta name=\"description\" content=\"Sexologue en t\u00e9l\u00e9consultation. Prenez rendez-vous en ligne ou par t\u00e9l\u00e9phone! Difficult\u00e9s \u00e9rectiles, \u00e9jaculation rapide, diff\u00e9rence de d\u00e9sir sexuel, difficult\u00e9s relationnelles, non-monogamie \u00e9thique, etc. Alli\u00e9e LGBT+\" \/>\n<meta name=\"robots\" content=\"index, follow, max-snippet:-1, max-image-preview:large, max-video-preview:-1\" \/>\n<link rel=\"canonical\" href=\"https:\/\/www.rlbsexologue.com\/index.php\/blogue\/\" \/>\n<meta property=\"og:locale\" content=\"fr_CA\" \/>\n<meta property=\"og:type\" content=\"article\" \/>\n<meta property=\"og:title\" content=\"Blogue - RLB sexologue\" \/>\n<meta property=\"og:description\" content=\"Sexologue en t\u00e9l\u00e9consultation. Prenez rendez-vous en ligne ou par t\u00e9l\u00e9phone! Difficult\u00e9s \u00e9rectiles, \u00e9jaculation rapide, diff\u00e9rence de d\u00e9sir sexuel, difficult\u00e9s relationnelles, non-monogamie \u00e9thique, etc. Alli\u00e9e LGBT+\" \/>\n<meta property=\"og:url\" content=\"https:\/\/www.rlbsexologue.com\/index.php\/blogue\/\" \/>\n<meta property=\"og:site_name\" content=\"RLB sexologue\" \/>\n<meta property=\"article:modified_time\" content=\"2024-06-27T18:48:18+00:00\" \/>\n<meta name=\"twitter:card\" content=\"summary_large_image\" \/>\n<meta name=\"twitter:label1\" content=\"Estimation du temps de lecture\" \/>\n\t<meta name=\"twitter:data1\" content=\"1 minute\" \/>\n<script type=\"application\/ld+json\" class=\"yoast-schema-graph\">{\"@context\":\"https:\/\/schema.org\",\"@graph\":[{\"@type\":\"WebPage\",\"@id\":\"https:\/\/www.rlbsexologue.com\/index.php\/blogue\/\",\"url\":\"https:\/\/www.rlbsexologue.com\/index.php\/blogue\/\",\"name\":\"Blogue - RLB sexologue\",\"isPartOf\":{\"@id\":\"https:\/\/www.rlbsexologue.com\/#website\"},\"datePublished\":\"2024-06-04T14:48:32+00:00\",\"dateModified\":\"2024-06-27T18:48:18+00:00\",\"description\":\"Sexologue en t\u00e9l\u00e9consultation. Prenez rendez-vous en ligne ou par t\u00e9l\u00e9phone! Difficult\u00e9s \u00e9rectiles, \u00e9jaculation rapide, diff\u00e9rence de d\u00e9sir sexuel, difficult\u00e9s relationnelles, non-monogamie \u00e9thique, etc. Alli\u00e9e LGBT+\",\"breadcrumb\":{\"@id\":\"https:\/\/www.rlbsexologue.com\/index.php\/blogue\/#breadcrumb\"},\"inLanguage\":\"fr-CA\",\"potentialAction\":[{\"@type\":\"ReadAction\",\"target\":[\"https:\/\/www.rlbsexologue.com\/index.php\/blogue\/\"]}]},{\"@type\":\"BreadcrumbList\",\"@id\":\"https:\/\/www.rlbsexologue.com\/index.php\/blogue\/#breadcrumb\",\"itemListElement\":[{\"@type\":\"ListItem\",\"position\":1,\"name\":\"Home\",\"item\":\"https:\/\/www.rlbsexologue.com\/\"},{\"@type\":\"ListItem\",\"position\":2,\"name\":\"Blogue\"}]},{\"@type\":\"WebSite\",\"@id\":\"https:\/\/www.rlbsexologue.com\/#website\",\"url\":\"https:\/\/www.rlbsexologue.com\/\",\"name\":\"RLB sexologue\",\"description\":\"Votre \u00e9panouissement relationnel et sexuel importe\",\"publisher\":{\"@id\":\"https:\/\/www.rlbsexologue.com\/#organization\"},\"potentialAction\":[{\"@type\":\"SearchAction\",\"target\":{\"@type\":\"EntryPoint\",\"urlTemplate\":\"https:\/\/www.rlbsexologue.com\/?s={search_term_string}\"},\"query-input\":{\"@type\":\"PropertyValueSpecification\",\"valueRequired\":true,\"valueName\":\"search_term_string\"}}],\"inLanguage\":\"fr-CA\"},{\"@type\":\"Organization\",\"@id\":\"https:\/\/www.rlbsexologue.com\/#organization\",\"name\":\"RLB sexologue\",\"url\":\"https:\/\/www.rlbsexologue.com\/\",\"logo\":{\"@type\":\"ImageObject\",\"inLanguage\":\"fr-CA\",\"@id\":\"https:\/\/www.rlbsexologue.com\/#\/schema\/logo\/image\/\",\"url\":\"https:\/\/www.rlbsexologue.com\/wp-content\/uploads\/2022\/03\/RLB-sexologue.svg\",\"contentUrl\":\"https:\/\/www.rlbsexologue.com\/wp-content\/uploads\/2022\/03\/RLB-sexologue.svg\",\"width\":118,\"height\":72,\"caption\":\"RLB sexologue\"},\"image\":{\"@id\":\"https:\/\/www.rlbsexologue.com\/#\/schema\/logo\/image\/\"}}]}<\/script>\n<!-- \/ Yoast SEO plugin. -->","yoast_head_json":{"title":"Blogue - RLB sexologue","description":"Sexologue en t\u00e9l\u00e9consultation. Prenez rendez-vous en ligne ou par t\u00e9l\u00e9phone! Difficult\u00e9s \u00e9rectiles, \u00e9jaculation rapide, diff\u00e9rence de d\u00e9sir sexuel, difficult\u00e9s relationnelles, non-monogamie \u00e9thique, etc. Alli\u00e9e LGBT+","robots":{"index":"index","follow":"follow","max-snippet":"max-snippet:-1","max-image-preview":"max-image-preview:large","max-video-preview":"max-video-preview:-1"},"canonical":"https:\/\/www.rlbsexologue.com\/index.php\/blogue\/","og_locale":"fr_CA","og_type":"article","og_title":"Blogue - RLB sexologue","og_description":"Sexologue en t\u00e9l\u00e9consultation. Prenez rendez-vous en ligne ou par t\u00e9l\u00e9phone! Difficult\u00e9s \u00e9rectiles, \u00e9jaculation rapide, diff\u00e9rence de d\u00e9sir sexuel, difficult\u00e9s relationnelles, non-monogamie \u00e9thique, etc. Alli\u00e9e LGBT+","og_url":"https:\/\/www.rlbsexologue.com\/index.php\/blogue\/","og_site_name":"RLB sexologue","article_modified_time":"2024-06-27T18:48:18+00:00","twitter_card":"summary_large_image","twitter_misc":{"Estimation du temps de lecture":"1 minute"},"schema":{"@context":"https:\/\/schema.org","@graph":[{"@type":"WebPage","@id":"https:\/\/www.rlbsexologue.com\/index.php\/blogue\/","url":"https:\/\/www.rlbsexologue.com\/index.php\/blogue\/","name":"Blogue - RLB sexologue","isPartOf":{"@id":"https:\/\/www.rlbsexologue.com\/#website"},"datePublished":"2024-06-04T14:48:32+00:00","dateModified":"2024-06-27T18:48:18+00:00","description":"Sexologue en t\u00e9l\u00e9consultation. Prenez rendez-vous en ligne ou par t\u00e9l\u00e9phone! Difficult\u00e9s \u00e9rectiles, \u00e9jaculation rapide, diff\u00e9rence de d\u00e9sir sexuel, difficult\u00e9s relationnelles, non-monogamie \u00e9thique, etc. Alli\u00e9e LGBT+","breadcrumb":{"@id":"https:\/\/www.rlbsexologue.com\/index.php\/blogue\/#breadcrumb"},"inLanguage":"fr-CA","potentialAction":[{"@type":"ReadAction","target":["https:\/\/www.rlbsexologue.com\/index.php\/blogue\/"]}]},{"@type":"BreadcrumbList","@id":"https:\/\/www.rlbsexologue.com\/index.php\/blogue\/#breadcrumb","itemListElement":[{"@type":"ListItem","position":1,"name":"Home","item":"https:\/\/www.rlbsexologue.com\/"},{"@type":"ListItem","position":2,"name":"Blogue"}]},{"@type":"WebSite","@id":"https:\/\/www.rlbsexologue.com\/#website","url":"https:\/\/www.rlbsexologue.com\/","name":"RLB sexologue","description":"Votre \u00e9panouissement relationnel et sexuel importe","publisher":{"@id":"https:\/\/www.rlbsexologue.com\/#organization"},"potentialAction":[{"@type":"SearchAction","target":{"@type":"EntryPoint","urlTemplate":"https:\/\/www.rlbsexologue.com\/?s={search_term_string}"},"query-input":{"@type":"PropertyValueSpecification","valueRequired":true,"valueName":"search_term_string"}}],"inLanguage":"fr-CA"},{"@type":"Organization","@id":"https:\/\/www.rlbsexologue.com\/#organization","name":"RLB sexologue","url":"https:\/\/www.rlbsexologue.com\/","logo":{"@type":"ImageObject","inLanguage":"fr-CA","@id":"https:\/\/www.rlbsexologue.com\/#\/schema\/logo\/image\/","url":"https:\/\/www.rlbsexologue.com\/wp-content\/uploads\/2022\/03\/RLB-sexologue.svg","contentUrl":"https:\/\/www.rlbsexologue.com\/wp-content\/uploads\/2022\/03\/RLB-sexologue.svg","width":118,"height":72,"caption":"RLB sexologue"},"image":{"@id":"https:\/\/www.rlbsexologue.com\/#\/schema\/logo\/image\/"}}]}},"_links":{"self":[{"href":"https:\/\/www.rlbsexologue.com\/index.php\/wp-json\/wp\/v2\/pages\/450","targetHints":{"allow":["GET"]}}],"collection":[{"href":"https:\/\/www.rlbsexologue.com\/index.php\/wp-json\/wp\/v2\/pages"}],"about":[{"href":"https:\/\/www.rlbsexologue.com\/index.php\/wp-json\/wp\/v2\/types\/page"}],"author":[{"embeddable":true,"href":"https:\/\/www.rlbsexologue.com\/index.php\/wp-json\/wp\/v2\/users\/1"}],"replies":[{"embeddable":true,"href":"https:\/\/www.rlbsexologue.com\/index.php\/wp-json\/wp\/v2\/comments?post=450"}],"version-history":[{"count":29,"href":"https:\/\/www.rlbsexologue.com\/index.php\/wp-json\/wp\/v2\/pages\/450\/revisions"}],"predecessor-version":[{"id":510,"href":"https:\/\/www.rlbsexologue.com\/index.php\/wp-json\/wp\/v2\/pages\/450\/revisions\/510"}],"wp:attachment":[{"href":"https:\/\/www.rlbsexologue.com\/index.php\/wp-json\/wp\/v2\/media?parent=450"}],"curies":[{"name":"wp","href":"https:\/\/api.w.org\/{rel}","templated":true}]}}